{"id":2,"date":"2021-01-04T18:06:05","date_gmt":"2021-01-04T17:06:05","guid":{"rendered":"https:\/\/mariuszkoniarz.pl\/?page_id=2"},"modified":"2026-03-04T14:36:03","modified_gmt":"2026-03-04T13:36:03","slug":"przykladowa-strona","status":"publish","type":"page","link":"https:\/\/mariuszkoniarz.pl\/","title":{"rendered":"Start"},"content":{"rendered":"\n<p>Cze\u015b\u0107!<\/p>\n\n\n\n<p>Nazywam si\u0119 <strong>Mariusz Koniarz<\/strong>. Mieszkam w Gliczarowie G\u00f3rnym ko\u0142o Zakopanego. Aktualnie pracuj\u0119 jako programista system\u00f3w embedded &#8211; aktualny projekt to urz\u0105dzenie oparte o Nordic NRF52832. W wolnych chwilach szalej\u0119 z lutownic\u0105 nad zabawkami elektronicznymi ;). Mo\u017cesz mnie zna\u0107 pod nickiem &#8222;<strong>Kanty<\/strong>&#8221; lub <strong>&#8222;mcKanty&#8221;<\/strong> <\/p>\n\n\n\n<p>Og\u0142oszenie: B\u0119d\u0119 prowadzi\u0142 warsztaty: Budowanie stron www z u\u017cyciem AI, sprawd\u017a ofert\u0119: <a href=\"https:\/\/szybkastrona48h.eu\">https:\/\/szybkastrona48h.eu<\/a><\/p>\n\n\n\n<figure class=\"wp-block-image size-large\"><img loading=\"lazy\" decoding=\"async\" width=\"768\" height=\"1024\" src=\"https:\/\/mariuszkoniarz.pl\/wp-content\/uploads\/2022\/01\/zdjecie_do_dowodu-768x1024.jpg\" alt=\"\" class=\"wp-image-38\" srcset=\"https:\/\/mariuszkoniarz.pl\/wp-content\/uploads\/2022\/01\/zdjecie_do_dowodu-768x1024.jpg 768w, https:\/\/mariuszkoniarz.pl\/wp-content\/uploads\/2022\/01\/zdjecie_do_dowodu-225x300.jpg 225w, https:\/\/mariuszkoniarz.pl\/wp-content\/uploads\/2022\/01\/zdjecie_do_dowodu-1152x1536.jpg 1152w, https:\/\/mariuszkoniarz.pl\/wp-content\/uploads\/2022\/01\/zdjecie_do_dowodu-1536x2048.jpg 1536w, https:\/\/mariuszkoniarz.pl\/wp-content\/uploads\/2022\/01\/zdjecie_do_dowodu-scaled.jpg 1920w\" sizes=\"auto, (max-width: 768px) 100vw, 768px\" \/><\/figure>\n\n\n\n<p>Zerknij na bloga &#8211; czym tam si\u0119 zajmuj\u0119 w wolnej chwili&#8230;. <a href=\"https:\/\/mariuszkoniarz.pl\/index.php\/blog\/\">https:\/\/mariuszkoniarz.pl\/index.php\/blog\/<\/a><\/p>\n","protected":false},"excerpt":{"rendered":"<p>Cze\u015b\u0107! Nazywam si\u0119 Mariusz Koniarz. Mieszkam w Gliczarowie G\u00f3rnym ko\u0142o Zakopanego. Aktualnie pracuj\u0119 jako programista system\u00f3w embedded &#8211; aktualny projekt to urz\u0105dzenie oparte o Nordic NRF52832. W wolnych chwilach szalej\u0119 z lutownic\u0105 nad zabawkami elektronicznymi ;). Mo\u017cesz mnie zna\u0107 pod nickiem &#8222;Kanty&#8221; lub &#8222;mcKanty&#8221; Og\u0142oszenie: B\u0119d\u0119 prowadzi\u0142 warsztaty: Budowanie stron www z u\u017cyciem AI, sprawd\u017a&hellip;&nbsp;<a href=\"https:\/\/mariuszkoniarz.pl\/\" class=\"\" rel=\"bookmark\">Czytaj dalej &raquo;<span class=\"screen-reader-text\">Start<\/span><\/a><\/p>\n","protected":false},"author":1,"featured_media":0,"parent":0,"menu_order":0,"comment_status":"closed","ping_status":"open","template":"","meta":{"neve_meta_sidebar":"","neve_meta_container":"","neve_meta_enable_content_width":"","neve_meta_content_width":0,"neve_meta_title_alignment":"","neve_meta_author_avatar":"","neve_post_elements_order":"","neve_meta_disable_header":"","neve_meta_disable_footer":"","neve_meta_disable_title":"","footnotes":""},"class_list":["post-2","page","type-page","status-publish","hentry"],"_links":{"self":[{"href":"https:\/\/mariuszkoniarz.pl\/index.php\/wp-json\/wp\/v2\/pages\/2","targetHints":{"allow":["GET"]}}],"collection":[{"href":"https:\/\/mariuszkoniarz.pl\/index.php\/wp-json\/wp\/v2\/pages"}],"about":[{"href":"https:\/\/mariuszkoniarz.pl\/index.php\/wp-json\/wp\/v2\/types\/page"}],"author":[{"embeddable":true,"href":"https:\/\/mariuszkoniarz.pl\/index.php\/wp-json\/wp\/v2\/users\/1"}],"replies":[{"embeddable":true,"href":"https:\/\/mariuszkoniarz.pl\/index.php\/wp-json\/wp\/v2\/comments?post=2"}],"version-history":[{"count":11,"href":"https:\/\/mariuszkoniarz.pl\/index.php\/wp-json\/wp\/v2\/pages\/2\/revisions"}],"predecessor-version":[{"id":63,"href":"https:\/\/mariuszkoniarz.pl\/index.php\/wp-json\/wp\/v2\/pages\/2\/revisions\/63"}],"wp:attachment":[{"href":"https:\/\/mariuszkoniarz.pl\/index.php\/wp-json\/wp\/v2\/media?parent=2"}],"curies":[{"name":"wp","href":"https:\/\/api.w.org\/{rel}","templated":true}]}}